{"id":771,"date":"2025-11-14T06:04:48","date_gmt":"2025-11-14T05:04:48","guid":{"rendered":"https:\/\/www.borgovilladipoggio.com\/story\/"},"modified":"2025-11-18T13:10:58","modified_gmt":"2025-11-18T12:10:58","slug":"storia","status":"publish","type":"page","link":"https:\/\/www.borgovilladipoggio.com\/it\/storia\/","title":{"rendered":"Storia"},"content":{"rendered":"<div class=\"wpb-content-wrapper\">[vc_row full_width=&#8221;stretch_row&#8221; css=&#8221;.vc_custom_1763384167363{background-image: url(https:\/\/www.borgovilladipoggio.com\/wp-content\/uploads\/2025\/11\/borgoo_villa_di_poggio_34.jpg?id=123) !important;background-position: center !important;background-repeat: no-repeat !important;background-size: cover !important;}&#8221; wpex_bg_overlay=&#8221;custom&#8221; wpex_bg_overlay_image=&#8221;171&#8243; wpex_bg_overlay_opacity=&#8221;100%&#8221;][vc_column el_class=&#8221;col_hero_middle cm&#8221;][vc_column_text css=&#8221;&#8221; color=&#8221;on-accent&#8221;]\n<h1>La storia e il territorio<\/h1>\n<h1>di Borgo Villa di Poggio<\/h1>\n[\/vc_column_text]<style>.vcex-button.vcex_69e249a9ee17f{background:#fbf9ec;color:var(--wpex-accent)!important;width:196px;padding-block:20px;}.vcex-button.vcex_69e249a9ee17f:hover{background:var(--wpex-accent)!important;color:var(--wpex-on-accent)!important;}<\/style><div class=\"vc_custom_1763390532893 wpex-clr\"><a href=\"https:\/\/www.borgovilladipoggio.com\/project\/#discover\" class=\"vcex-button theme-button inline wpex-flex-shrink-0 local-scroll-link vcex_69e249a9ee17f\"><span class=\"vcex-button-inner theme-button-inner wpex-flex wpex-flex-wrap wpex-items-center wpex-justify-center\">SCOPRI DI PI\u00d9<\/span><\/a><\/div> [\/vc_column][\/vc_row][vc_row full_width=&#8221;stretch_row_content_no_spaces&#8221; el_class=&#8221;ptd70 pbd80 ptm60 pbm60 cm&#8221; local_scroll_id=&#8221;discover&#8221;][vc_column css_animation=&#8221;fadeInLeft&#8221; width=&#8221;1\/4&#8243; el_class=&#8221;mtd100&#8243;][vc_single_image image=&#8221;582&#8243; css=&#8221;&#8221;][\/vc_column][vc_column css_animation=&#8221;fadeInUp&#8221; width=&#8221;1\/2&#8243; el_class=&#8221;mtm30 mtd30 plrm plrt&#8221;][vc_column_text css=&#8221;&#8221; color=&#8221;accent&#8221; font_size=&#8221;d:40|tl:38|tp:32|pl:35|pp:35&#8243; font_family=&#8221;Playfair Display&#8221; font_weight=&#8221;500&#8243; line_height=&#8221;105%&#8221;]\n<p style=\"text-align: center;\">Un borgo sulle tracce degli Etruschi<\/p>\n[\/vc_column_text][vc_column_text css=&#8221;&#8221; el_class=&#8221;mtd75 mtm30&#8243;]\n<p style=\"text-align: center;\">Il Borgo Villa di Poggio sorge a Frascole, nel comune di Dicomano, lungo l\u2019antico <strong>Sentiero degli Etruschi. <\/strong><br \/>\nIl territorio conserva ancora oggi i segni di una civilt\u00e0 millenaria: a pochi metri dalla propriet\u00e0 si trova uno dei siti archeologici etruschi pi\u00f9 importanti della Toscana. L\u2019altura su cui si estende il complesso domina tre vallate \u2014<strong> Mugello, Valdisieve e Casentino<\/strong> \u2014 in una posizione panoramica che da secoli rappresenta un punto di osservazione e di vita privilegiato.<\/p>\n[\/vc_column_text]<style>.vcex-button.vcex_69e249a9ef415{background:var(--wpex-accent);width:250px;padding-block:20px;border:1px solid #152C1B;}.vcex-button.vcex_69e249a9ef415:hover{background:#fbf9ec!important;}<\/style><div class=\"vc_custom_1763390785267 wpex-clr\"><div class=\"theme-button-wrap textcenter wpex-clr\"><a href=\"https:\/\/www.borgovilladipoggio.com\/#request\" class=\"vcex-button theme-button align-center inline wpex-flex-shrink-0 local-scroll-link vcex_69e249a9ef415\"><span class=\"vcex-button-inner theme-button-inner wpex-flex wpex-flex-wrap wpex-items-center wpex-justify-center\">RICHIEDI INFORMAZIONI<\/span><\/a><\/div><\/div> [\/vc_column][vc_column css_animation=&#8221;fadeInRight&#8221; width=&#8221;1\/4&#8243; el_class=&#8221;align_right mtm30&#8243;][vc_single_image image=&#8221;583&#8243; css=&#8221;&#8221;][\/vc_column][\/vc_row][vc_row full_width=&#8221;stretch_row&#8221; el_class=&#8221;ptd70 pbd110 ptm60 pbm60 cm&#8221; wpex_bg_color=&#8221;#152c1b&#8221;][vc_column css_animation=&#8221;fadeIn&#8221;][vc_column_text css=&#8221;&#8221; color=&#8221;on-accent&#8221;]\n<h2 style=\"text-align: center;\">Origini e architettura del borgo<\/h2>\n[\/vc_column_text][vc_column_text css=&#8221;&#8221; el_class=&#8221;mtd35 mtm30&#8243; color=&#8221;on-accent&#8221;]\n<p style=\"text-align: center;\">Il nucleo originario del Borgo Villa di Poggio era una <strong>residenza patrizia fiorentina<\/strong>, circondata da case coloniche e terreni agricoli. La villa, con i suoi volumi equilibrati e le proporzioni eleganti, rispecchia l\u2019<strong>architettura signorile<\/strong> tipica del territorio fiorentino. Nel tempo, il borgo si \u00e8 ampliato integrando edifici agricoli e abitativi che hanno mantenuto la coerenza formale e materica del complesso. Oggi, queste strutture costituiscono un raro esempio di <strong>architettura rurale<\/strong> <strong>toscana<\/strong> ancora autentica, pronta a essere reinterpretata secondo esigenze contemporanee.<\/p>\n[\/vc_column_text][\/vc_column][\/vc_row][vc_row full_width=&#8221;stretch_row&#8221; min_height=&#8221;645px&#8221; css=&#8221;.vc_custom_1763148968631{background-image: url(https:\/\/www.borgovilladipoggio.com\/wp-content\/uploads\/2025\/11\/borgoo_villa_di_poggio_8.jpg?id=137) !important;background-position: center !important;background-repeat: no-repeat !important;background-size: cover !important;}&#8221;][vc_column][\/vc_column][\/vc_row][vc_row full_width=&#8221;stretch_row&#8221; el_class=&#8221;ptd85 pbd85 ptm60 pbm60 cm&#8221;][vc_column css_animation=&#8221;fadeInUp&#8221;][vc_column_text css=&#8221;&#8221; color=&#8221;accent&#8221; font_size=&#8221;d:40|tl:38|tp:32|pl:35|pp:35&#8243; font_family=&#8221;Playfair Display&#8221; font_weight=&#8221;500&#8243; line_height=&#8221;105%&#8221;]\n<h2 style=\"text-align: center;\">Un\u2019eredit\u00e0 da valorizzare nel presente<\/h2>\n[\/vc_column_text][vc_column_text css=&#8221;&#8221; el_class=&#8221;mtd60 mtm30 max_width_1100&#8243;]\n<p style=\"text-align: center;\">Il progetto nasce per preservare e rilanciare questa <strong>eredit\u00e0 architettonica<\/strong>, mantenendo intatto il legame con il paesaggio e con la storia del luogo. Il recupero mira a restituire al borgo la sua funzione vitale, trasformandolo in un luogo di ospitalit\u00e0, benessere o residenza, nel pieno rispetto della sua identit\u00e0 originaria. Un equilibrio tra memoria e futuro che rende il borgo non solo un investimento immobiliare, ma una parte viva della storia toscana pronta a essere riscritta.<\/p>\n[\/vc_column_text]<style>.vcex-button.vcex_69e249a9eff68:hover{background:var(--wpex-accent)!important;color:var(--wpex-on-accent)!important;}.vcex-button.vcex_69e249a9eff68{color:var(--wpex-accent)!important;width:250px;padding-block:20px;border:1px solid #152C1B;}<\/style><div class=\"vc_custom_1763390903850 wpex-clr\"><div class=\"theme-button-wrap textcenter wpex-clr\"><a href=\"https:\/\/www.borgovilladipoggio.com\/it\/progetto\/\" class=\"vcex-button theme-button align-center inline wpex-flex-shrink-0 vcex_69e249a9eff68\"><span class=\"vcex-button-inner theme-button-inner wpex-flex wpex-flex-wrap wpex-items-center wpex-justify-center\">GUARDA IL PROGETTO<\/span><\/a><\/div><\/div> [\/vc_column][\/vc_row][vc_row full_width=&#8221;stretch_row&#8221; min_height=&#8221;50vw&#8221; css=&#8221;.vc_custom_1763383371792{background-image: url(https:\/\/www.borgovilladipoggio.com\/wp-content\/uploads\/2025\/11\/borgoo_villa_di_poggio_33.jpg?id=122) !important;background-position: center !important;background-repeat: no-repeat !important;background-size: cover !important;}&#8221; el_class=&#8221;mb_negative&#8221;][vc_column][\/vc_column][\/vc_row][vc_row][vc_column]<div class=\"templatera_shortcode\"><style type=\"text\/css\" data-type=\"vc_shortcodes-custom-css\">.vc_custom_1763971371673{margin-top: -220px !important;}.vc_custom_1763396876920{margin-bottom: 20px !important;}<\/style><div class=\"vc_row wpb_row vc_row-fluid ptd160 pbd160 cm gradient_fascia vc_row-o-content-middle vc_row-flex wpex-vc-full-width-row wpex-vc-full-width-row--centered wpex-relative\" data-ls_id=\"#request\" tabindex=\"-1\"><div class=\"wpb_column wpb_animate_when_almost_visible wpb_fadeIn fadeIn vc_column_container vc_col-sm-12\"><div class=\"vc_column-inner\"><div class=\"wpb_wrapper\">\n\t<div style=\"color:var(--wpex-on-accent);\" class=\"wpb_text_column has-custom-color wpex-child-inherit-color wpb_content_element vc_custom_1763396876920\" >\n\t\t<div class=\"wpb_wrapper\">\n\t\t\t<h2 style=\"text-align: center;\">Vuoi saperne di pi\u00f9? Ti chiamiamo noi<\/h2>\n\n\t\t<\/div>\n\t<\/div>\n\n<div class=\"wpcf7 no-js\" id=\"wpcf7-f808-o1\" lang=\"it-IT\" dir=\"ltr\" data-wpcf7-id=\"808\">\n<div class=\"screen-reader-response\"><p role=\"status\" aria-live=\"polite\" aria-atomic=\"true\"><\/p> <ul><\/ul><\/div>\n<form action=\"\/it\/wp-json\/wp\/v2\/pages\/771#wpcf7-f808-o1\" method=\"post\" class=\"wpcf7-form init\" aria-label=\"Modulo di contatto\" novalidate=\"novalidate\" data-status=\"init\">\n<fieldset class=\"hidden-fields-container\"><input type=\"hidden\" name=\"_wpcf7\" value=\"808\" \/><input type=\"hidden\" name=\"_wpcf7_version\" value=\"6.1.5\" \/><input type=\"hidden\" name=\"_wpcf7_locale\" value=\"it_IT\" \/><input type=\"hidden\" name=\"_wpcf7_unit_tag\" value=\"wpcf7-f808-o1\" \/><input type=\"hidden\" name=\"_wpcf7_container_post\" value=\"0\" \/><input type=\"hidden\" name=\"_wpcf7_posted_data_hash\" value=\"\" \/>\n<\/fieldset>\n<div class=\"wpcf7-turnstile cf-turnstile\" data-sitekey=\"0x4AAAAAACCBcroEz3PD_kfH\" data-response-field-name=\"_wpcf7_turnstile_response\"><\/div>\n\n<div class=\"form\">\n\t<div class=\"vc_row\">\n\t\t<div class=\"vc_col-sm-6\">\n\t\t\t<p><label class=\"label\">Nome<\/label><span class=\"wpcf7-form-control-wrap\" data-name=\"nome\"><input size=\"40\" maxlength=\"400\" class=\"wpcf7-form-control wpcf7-text wpcf7-validates-as-required nome\" aria-required=\"true\" aria-invalid=\"false\" value=\"\" type=\"text\" name=\"nome\" \/><\/span>\n\t\t\t<\/p>\n\t\t<\/div>\n\t\t<div class=\"vc_col-sm-6 \">\n\t\t\t<p><label class=\"label\">Cognome<\/label><span class=\"wpcf7-form-control-wrap\" data-name=\"cognome\"><input size=\"40\" maxlength=\"400\" class=\"wpcf7-form-control wpcf7-text wpcf7-validates-as-required cognome\" aria-required=\"true\" aria-invalid=\"false\" value=\"\" type=\"text\" name=\"cognome\" \/><\/span>\n\t\t\t<\/p>\n\t\t<\/div>\n\t<\/div>\n\t<div class=\"vc_row\">\n\t\t<div class=\"vc_col-sm-6 \">\n\t\t\t<p><label class=\"label\">Telefono<\/label><span class=\"wpcf7-form-control-wrap\" data-name=\"telefono\"><input size=\"40\" maxlength=\"400\" class=\"wpcf7-form-control wpcf7-tel wpcf7-validates-as-required wpcf7-text wpcf7-validates-as-tel\" aria-required=\"true\" aria-invalid=\"false\" value=\"\" type=\"tel\" name=\"telefono\" \/><\/span>\n\t\t\t<\/p>\n\t\t<\/div>\n\t\t<div class=\"vc_col-sm-6 \">\n\t\t\t<p><label class=\"label\">Email<\/label><span class=\"wpcf7-form-control-wrap\" data-name=\"email\"><input size=\"40\" maxlength=\"400\" class=\"wpcf7-form-control wpcf7-email wpcf7-validates-as-required wpcf7-text wpcf7-validates-as-email\" aria-required=\"true\" aria-invalid=\"false\" value=\"\" type=\"email\" name=\"email\" \/><\/span>\n\t\t\t<\/p>\n\t\t<\/div>\n\t<\/div>\n\t<div class=\"vc_row mtd35 mtm25\">\n\t\t<div class=\"vc_col-sm-3\">\n\t\t<\/div>\n\t\t<div class=\"vc_col-sm-9 color\">\n\t\t\t<p><span class=\"wpcf7-form-control-wrap\" data-name=\"privacy\"><span class=\"wpcf7-form-control wpcf7-acceptance\"><span class=\"wpcf7-list-item\"><label><input type=\"checkbox\" name=\"privacy\" value=\"1\" aria-invalid=\"false\" \/><span class=\"wpcf7-list-item-label\">Ho letto la <a href=\"https:\/\/www.borgovilladipoggio.com\/privacy-e-cookie-policy\/\">privacy policy<\/a> e autorizzo il trattamento dei miei dati personali per le finalit\u00e0 indicate.<\/span><\/label><\/span><\/span><\/span>\n\t\t\t<\/p>\n\t\t<\/div>\n\t<\/div>\n\t<div class=\"vc_row mtd25 mtm25\">\n\t\t<div class=\"vc_col-sm-3\">\n\t\t<\/div>\n\t\t<div class=\"vc_col-sm-9 color\">\n\t\t\t<p><span class=\"wpcf7-form-control-wrap\" data-name=\"aggiornamenti\"><span class=\"wpcf7-form-control wpcf7-acceptance optional\"><span class=\"wpcf7-list-item\"><label><input type=\"checkbox\" name=\"aggiornamenti\" value=\"1\" aria-invalid=\"false\" \/><span class=\"wpcf7-list-item-label\">Ricevi aggiornamenti su questa propriet\u00e0<\/span><\/label><\/span><\/span><\/span>\n\t\t\t<\/p>\n\t\t<\/div>\n\t<\/div>\n\t<div class=\"vc_row mtd35 mtm35\">\n\t\t<div class=\"vc_col-sm-12\">\n\t\t\t<p><input class=\"wpcf7-form-control wpcf7-submit has-spinner\" type=\"submit\" value=\"RICHIEDI INFORMAZIONI\" \/>\n\t\t\t<\/p>\n\t\t<\/div>\n\t<\/div>\n<\/div><div class=\"wpcf7-response-output\" aria-hidden=\"true\"><\/div>\n<\/form>\n<\/div>\n<\/div><\/div><\/div><\/div><div class=\"vc_row wpb_row vc_row-fluid vc_custom_1763971371673 wpex-vc-full-width-row wpex-vc-full-width-row--no-padding wpex-relative\"><div class=\"wpb_column vc_column_container vc_col-sm-7\"><div class=\"vc_column-inner\"><div class=\"wpb_wrapper\"><div class=\"wpb_gmaps_widget wpb_content_element\"><div class=\"wpb_wrapper\"><div class=\"wpb_map_wraper\"><iframe loading=\"lazy\" src=\"https:\/\/maps.google.com\/maps?q=43.87367901901322%2C%2011.547995810744444&#038;t=m&#038;z=10&#038;output=embed&#038;iwloc=near\" title=\"43.87367901901322, 11.547995810744444\" aria-label=\"43.87367901901322, 11.547995810744444\" height=\"676px\" ><\/iframe><\/div><\/div><\/div><\/div><\/div><\/div><div style=\"animation-delay:0.1s;\" class=\"wpb_column ptd170 ptm50 col_request wpb_animate_when_almost_visible wpb_fadeIn fadeIn vc_column_container vc_col-sm-5\" id=\"contact\"><div class=\"vc_column-inner\"><div class=\"wpb_wrapper\">\n\t<div class=\"wpb_text_column wpb_content_element\" >\n\t\t<div class=\"wpb_wrapper\">\n\t\t\t<h2>Richiedi informazioni<\/h2>\n\n\t\t<\/div>\n\t<\/div>\n\n\t<div class=\"wpb_text_column wpb_content_element mtd15 mtm30\" >\n\t\t<div class=\"wpb_wrapper\">\n\t\t\t<p>I nostri uffici di Tirabora ti contatteranno per fornirti tutte le informazioni su Villa di Poggio<\/p>\n\n\t\t<\/div>\n\t<\/div>\n\n<div class=\"wpcf7 no-js\" id=\"wpcf7-f809-o2\" lang=\"it-IT\" dir=\"ltr\" data-wpcf7-id=\"809\">\n<div class=\"screen-reader-response\"><p role=\"status\" aria-live=\"polite\" aria-atomic=\"true\"><\/p> <ul><\/ul><\/div>\n<form action=\"\/it\/wp-json\/wp\/v2\/pages\/771#wpcf7-f809-o2\" method=\"post\" class=\"wpcf7-form init\" aria-label=\"Modulo di contatto\" novalidate=\"novalidate\" data-status=\"init\">\n<fieldset class=\"hidden-fields-container\"><input type=\"hidden\" name=\"_wpcf7\" value=\"809\" \/><input type=\"hidden\" name=\"_wpcf7_version\" value=\"6.1.5\" \/><input type=\"hidden\" name=\"_wpcf7_locale\" value=\"it_IT\" \/><input type=\"hidden\" name=\"_wpcf7_unit_tag\" value=\"wpcf7-f809-o2\" \/><input type=\"hidden\" name=\"_wpcf7_container_post\" value=\"0\" \/><input type=\"hidden\" name=\"_wpcf7_posted_data_hash\" value=\"\" \/>\n<\/fieldset>\n<div class=\"wpcf7-turnstile cf-turnstile\" data-sitekey=\"0x4AAAAAACCBcroEz3PD_kfH\" data-response-field-name=\"_wpcf7_turnstile_response\"><\/div>\n\n<div class=\"form_request\">\n\t<div class=\"vc_row mtd25 mtm25\">\n\t\t<div class=\"vc_col-sm-6\">\n\t\t\t<p><span class=\"wpcf7-form-control-wrap\" data-name=\"nome\"><input size=\"40\" maxlength=\"400\" class=\"wpcf7-form-control wpcf7-text wpcf7-validates-as-required\" aria-required=\"true\" aria-invalid=\"false\" placeholder=\"Nome\" value=\"\" type=\"text\" name=\"nome\" \/><\/span>\n\t\t\t<\/p>\n\t\t<\/div>\n\t\t<div class=\"vc_col-sm-6\">\n\t\t\t<p><span class=\"wpcf7-form-control-wrap\" data-name=\"cognome\"><input size=\"40\" maxlength=\"400\" class=\"wpcf7-form-control wpcf7-text wpcf7-validates-as-required\" aria-required=\"true\" aria-invalid=\"false\" placeholder=\"Cognome\" value=\"\" type=\"text\" name=\"cognome\" \/><\/span>\n\t\t\t<\/p>\n\t\t<\/div>\n\t<\/div>\n\t<div class=\"vc_row mtd25 mtm25\">\n\t\t<div class=\"vc_col-sm-6\">\n\t\t\t<p><span class=\"wpcf7-form-control-wrap\" data-name=\"email\"><input size=\"40\" maxlength=\"400\" class=\"wpcf7-form-control wpcf7-email wpcf7-validates-as-required wpcf7-text wpcf7-validates-as-email\" aria-required=\"true\" aria-invalid=\"false\" placeholder=\"Email\" value=\"\" type=\"email\" name=\"email\" \/><\/span>\n\t\t\t<\/p>\n\t\t<\/div>\n\t\t<div class=\"vc_col-sm-6\">\n\t\t\t<p><span class=\"wpcf7-form-control-wrap\" data-name=\"tel\"><input size=\"40\" maxlength=\"400\" class=\"wpcf7-form-control wpcf7-tel wpcf7-text wpcf7-validates-as-tel\" aria-invalid=\"false\" placeholder=\"Telefono\" value=\"\" type=\"tel\" name=\"tel\" \/><\/span>\n\t\t\t<\/p>\n\t\t<\/div>\n\t<\/div>\n\n<!-- MEN\u00d9 A TENDINA PROFILO -->\n\t<div class=\"vc_row mtd25 mtm25\">\n\t\t<div class=\"vc_col-sm-12\">\n\t\t\t<p><span class=\"wpcf7-form-control-wrap\" data-name=\"profilo\"><select class=\"wpcf7-form-control wpcf7-select wpcf7-validates-as-required\" aria-required=\"true\" aria-invalid=\"false\" name=\"profilo\"><option value=\"Profilo\">Profilo<\/option><option value=\"Privato\">Privato<\/option><option value=\"Fondo di investimento\">Fondo di investimento<\/option><option value=\"Investitore\">Investitore<\/option><option value=\"Operatore alberghiero\">Operatore alberghiero<\/option><option value=\"Altro\">Altro<\/option><\/select><\/span>\n\t\t\t<\/p>\n\t\t<\/div>\n\t<\/div>\n<!-- FINE MEN\u00d9 -->\n\t<div class=\"vc_row mtd25 mtm25\">\n\t\t<div class=\"vc_col-sm-12\">\n\t\t\t<p><span class=\"wpcf7-form-control-wrap\" data-name=\"messaggio\"><textarea cols=\"40\" rows=\"10\" maxlength=\"2000\" class=\"wpcf7-form-control wpcf7-textarea wpcf7-validates-as-required\" aria-required=\"true\" aria-invalid=\"false\" placeholder=\"Messaggio\" name=\"messaggio\"><\/textarea><\/span>\n\t\t\t<\/p>\n\t\t<\/div>\n\t<\/div>\n\t<div class=\"vc_row mtd25 mtm25\">\n\t\t<div class=\"vc_col-sm-12 color\">\n\t\t\t<p><span class=\"wpcf7-form-control-wrap\" data-name=\"privacy\"><span class=\"wpcf7-form-control wpcf7-acceptance\"><span class=\"wpcf7-list-item\"><label><input type=\"checkbox\" name=\"privacy\" value=\"1\" aria-invalid=\"false\" \/><span class=\"wpcf7-list-item-label\">Ho letto la <a href=\"https:\/\/www.borgovilladipoggio.com\/privacy-e-cookie-policy\/\">privacy policy<\/a> e autorizzo il trattamento dei miei dati personali per le finalit\u00e0 indicate.<\/span><\/label><\/span><\/span><\/span>\n\t\t\t<\/p>\n\t\t<\/div>\n\t<\/div>\n\t<div class=\"vc_row mtd10 mtm10\">\n\t\t<div class=\"vc_col-sm-12 color\">\n\t\t\t<p><span class=\"wpcf7-form-control-wrap\" data-name=\"aggiornamenti\"><span class=\"wpcf7-form-control wpcf7-acceptance optional\"><span class=\"wpcf7-list-item\"><label><input type=\"checkbox\" name=\"aggiornamenti\" value=\"1\" aria-invalid=\"false\" \/><span class=\"wpcf7-list-item-label\">Ricevi aggiornamenti su questa propriet\u00e0<\/span><\/label><\/span><\/span><\/span>\n\t\t\t<\/p>\n\t\t<\/div>\n\t<\/div>\n\t<div class=\"vc_row mtd35 mtm35\">\n\t\t<div class=\"vc_col-sm-12\">\n\t\t\t<p><input class=\"wpcf7-form-control wpcf7-submit has-spinner\" type=\"submit\" value=\"INVIA RICHIESTA\" \/>\n\t\t\t<\/p>\n\t\t<\/div>\n\t<\/div>\n<\/div><div class=\"wpcf7-response-output\" aria-hidden=\"true\"><\/div>\n<\/form>\n<\/div>\n<\/div><\/div><\/div><\/div><\/div>[\/vc_column][\/vc_row]\n<\/div>","protected":false},"excerpt":{"rendered":"La storia e il territorio di Borgo Villa di Poggio SCOPRI DI PI\u00d9 Un borgo sulle tracce degli Etruschi Il Borgo Villa di Poggio sorge a Frascole, nel comune di Dicomano, lungo l\u2019antico Sentiero degli Etruschi. Il territorio conserva ancora oggi i segni di una civilt\u00e0 millenaria: a pochi metri dalla propriet\u00e0 si trova uno&hellip;","protected":false},"author":6,"featured_media":0,"parent":0,"menu_order":0,"comment_status":"closed","ping_status":"closed","template":"","meta":{"inline_featured_image":false,"footnotes":""},"class_list":["post-771","page","type-page","status-publish","hentry","entry","no-media"],"yoast_head":"<!-- This site is optimized with the Yoast SEO plugin v27.4 - https:\/\/yoast.com\/product\/yoast-seo-wordpress\/ -->\n<title>Storia - Borgo Villa di Poggio<\/title>\n<meta name=\"robots\" content=\"index, follow, max-snippet:-1, max-image-preview:large, max-video-preview:-1\" \/>\n<link rel=\"canonical\" href=\"https:\/\/www.borgovilladipoggio.com\/it\/storia\/\" \/>\n<meta property=\"og:locale\" content=\"it_IT\" \/>\n<meta property=\"og:type\" content=\"article\" \/>\n<meta property=\"og:title\" content=\"Storia - Borgo Villa di Poggio\" \/>\n<meta property=\"og:url\" content=\"https:\/\/www.borgovilladipoggio.com\/it\/storia\/\" \/>\n<meta property=\"og:site_name\" content=\"Borgo Villa di Poggio\" \/>\n<meta property=\"article:modified_time\" content=\"2025-11-18T12:10:58+00:00\" \/>\n<meta name=\"twitter:card\" content=\"summary_large_image\" \/>\n<meta name=\"twitter:label1\" content=\"Tempo di lettura stimato\" \/>\n\t<meta name=\"twitter:data1\" content=\"3 minuti\" \/>\n<script type=\"application\/ld+json\" class=\"yoast-schema-graph\">{\"@context\":\"https:\\\/\\\/schema.org\",\"@graph\":[{\"@type\":\"WebPage\",\"@id\":\"https:\\\/\\\/www.borgovilladipoggio.com\\\/it\\\/storia\\\/\",\"url\":\"https:\\\/\\\/www.borgovilladipoggio.com\\\/it\\\/storia\\\/\",\"name\":\"Storia - Borgo Villa di Poggio\",\"isPartOf\":{\"@id\":\"https:\\\/\\\/www.borgovilladipoggio.com\\\/#website\"},\"datePublished\":\"2025-11-14T05:04:48+00:00\",\"dateModified\":\"2025-11-18T12:10:58+00:00\",\"breadcrumb\":{\"@id\":\"https:\\\/\\\/www.borgovilladipoggio.com\\\/it\\\/storia\\\/#breadcrumb\"},\"inLanguage\":\"it-IT\",\"potentialAction\":[{\"@type\":\"ReadAction\",\"target\":[\"https:\\\/\\\/www.borgovilladipoggio.com\\\/it\\\/storia\\\/\"]}]},{\"@type\":\"BreadcrumbList\",\"@id\":\"https:\\\/\\\/www.borgovilladipoggio.com\\\/it\\\/storia\\\/#breadcrumb\",\"itemListElement\":[{\"@type\":\"ListItem\",\"position\":1,\"name\":\"Home\",\"item\":\"https:\\\/\\\/www.borgovilladipoggio.com\\\/it\\\/\"},{\"@type\":\"ListItem\",\"position\":2,\"name\":\"Storia\"}]},{\"@type\":\"WebSite\",\"@id\":\"https:\\\/\\\/www.borgovilladipoggio.com\\\/#website\",\"url\":\"https:\\\/\\\/www.borgovilladipoggio.com\\\/\",\"name\":\"Borgo Villa di Poggio\",\"description\":\"\",\"publisher\":{\"@id\":\"https:\\\/\\\/www.borgovilladipoggio.com\\\/#organization\"},\"potentialAction\":[{\"@type\":\"SearchAction\",\"target\":{\"@type\":\"EntryPoint\",\"urlTemplate\":\"https:\\\/\\\/www.borgovilladipoggio.com\\\/?s={search_term_string}\"},\"query-input\":{\"@type\":\"PropertyValueSpecification\",\"valueRequired\":true,\"valueName\":\"search_term_string\"}}],\"inLanguage\":\"it-IT\"},{\"@type\":\"Organization\",\"@id\":\"https:\\\/\\\/www.borgovilladipoggio.com\\\/#organization\",\"name\":\"Borgo Villa di Poggio\",\"url\":\"https:\\\/\\\/www.borgovilladipoggio.com\\\/\",\"logo\":{\"@type\":\"ImageObject\",\"inLanguage\":\"it-IT\",\"@id\":\"https:\\\/\\\/www.borgovilladipoggio.com\\\/#\\\/schema\\\/logo\\\/image\\\/\",\"url\":\"https:\\\/\\\/www.borgovilladipoggio.com\\\/wp-content\\\/uploads\\\/2025\\\/11\\\/logo.svg\",\"contentUrl\":\"https:\\\/\\\/www.borgovilladipoggio.com\\\/wp-content\\\/uploads\\\/2025\\\/11\\\/logo.svg\",\"caption\":\"Borgo Villa di Poggio\"},\"image\":{\"@id\":\"https:\\\/\\\/www.borgovilladipoggio.com\\\/#\\\/schema\\\/logo\\\/image\\\/\"}}]}<\/script>\n<!-- \/ Yoast SEO plugin. -->","yoast_head_json":{"title":"Storia - Borgo Villa di Poggio","robots":{"index":"index","follow":"follow","max-snippet":"max-snippet:-1","max-image-preview":"max-image-preview:large","max-video-preview":"max-video-preview:-1"},"canonical":"https:\/\/www.borgovilladipoggio.com\/it\/storia\/","og_locale":"it_IT","og_type":"article","og_title":"Storia - Borgo Villa di Poggio","og_url":"https:\/\/www.borgovilladipoggio.com\/it\/storia\/","og_site_name":"Borgo Villa di Poggio","article_modified_time":"2025-11-18T12:10:58+00:00","twitter_card":"summary_large_image","twitter_misc":{"Tempo di lettura stimato":"3 minuti"},"schema":{"@context":"https:\/\/schema.org","@graph":[{"@type":"WebPage","@id":"https:\/\/www.borgovilladipoggio.com\/it\/storia\/","url":"https:\/\/www.borgovilladipoggio.com\/it\/storia\/","name":"Storia - Borgo Villa di Poggio","isPartOf":{"@id":"https:\/\/www.borgovilladipoggio.com\/#website"},"datePublished":"2025-11-14T05:04:48+00:00","dateModified":"2025-11-18T12:10:58+00:00","breadcrumb":{"@id":"https:\/\/www.borgovilladipoggio.com\/it\/storia\/#breadcrumb"},"inLanguage":"it-IT","potentialAction":[{"@type":"ReadAction","target":["https:\/\/www.borgovilladipoggio.com\/it\/storia\/"]}]},{"@type":"BreadcrumbList","@id":"https:\/\/www.borgovilladipoggio.com\/it\/storia\/#breadcrumb","itemListElement":[{"@type":"ListItem","position":1,"name":"Home","item":"https:\/\/www.borgovilladipoggio.com\/it\/"},{"@type":"ListItem","position":2,"name":"Storia"}]},{"@type":"WebSite","@id":"https:\/\/www.borgovilladipoggio.com\/#website","url":"https:\/\/www.borgovilladipoggio.com\/","name":"Borgo Villa di Poggio","description":"","publisher":{"@id":"https:\/\/www.borgovilladipoggio.com\/#organization"},"potentialAction":[{"@type":"SearchAction","target":{"@type":"EntryPoint","urlTemplate":"https:\/\/www.borgovilladipoggio.com\/?s={search_term_string}"},"query-input":{"@type":"PropertyValueSpecification","valueRequired":true,"valueName":"search_term_string"}}],"inLanguage":"it-IT"},{"@type":"Organization","@id":"https:\/\/www.borgovilladipoggio.com\/#organization","name":"Borgo Villa di Poggio","url":"https:\/\/www.borgovilladipoggio.com\/","logo":{"@type":"ImageObject","inLanguage":"it-IT","@id":"https:\/\/www.borgovilladipoggio.com\/#\/schema\/logo\/image\/","url":"https:\/\/www.borgovilladipoggio.com\/wp-content\/uploads\/2025\/11\/logo.svg","contentUrl":"https:\/\/www.borgovilladipoggio.com\/wp-content\/uploads\/2025\/11\/logo.svg","caption":"Borgo Villa di Poggio"},"image":{"@id":"https:\/\/www.borgovilladipoggio.com\/#\/schema\/logo\/image\/"}}]}},"_links":{"self":[{"href":"https:\/\/www.borgovilladipoggio.com\/it\/wp-json\/wp\/v2\/pages\/771","targetHints":{"allow":["GET"]}}],"collection":[{"href":"https:\/\/www.borgovilladipoggio.com\/it\/wp-json\/wp\/v2\/pages"}],"about":[{"href":"https:\/\/www.borgovilladipoggio.com\/it\/wp-json\/wp\/v2\/types\/page"}],"author":[{"embeddable":true,"href":"https:\/\/www.borgovilladipoggio.com\/it\/wp-json\/wp\/v2\/users\/6"}],"replies":[{"embeddable":true,"href":"https:\/\/www.borgovilladipoggio.com\/it\/wp-json\/wp\/v2\/comments?post=771"}],"version-history":[{"count":0,"href":"https:\/\/www.borgovilladipoggio.com\/it\/wp-json\/wp\/v2\/pages\/771\/revisions"}],"wp:attachment":[{"href":"https:\/\/www.borgovilladipoggio.com\/it\/wp-json\/wp\/v2\/media?parent=771"}],"curies":[{"name":"wp","href":"https:\/\/api.w.org\/{rel}","templated":true}]}}